{"id":159,"date":"2025-09-17T19:10:58","date_gmt":"2025-09-17T18:10:58","guid":{"rendered":"https:\/\/condeixaparapessoas.pt\/?page_id=159"},"modified":"2025-09-21T16:11:21","modified_gmt":"2025-09-21T15:11:21","slug":"manifesto","status":"publish","type":"page","link":"https:\/\/condeixaparapessoas.pt\/index.php\/manifesto\/","title":{"rendered":"Manifesto"},"content":{"rendered":"\n<div class=\"wp-block-group is-layout-grid wp-container-core-group-is-layout-29271053 wp-block-group-is-layout-grid\">\n<figure class=\"wp-block-image size-full\"><a href=\"https:\/\/drive.google.com\/file\/d\/1soimhGLTjsyjJfOcVxKcSLkte2kqPogQ\/view?usp=sharing\"><img loading=\"lazy\" decoding=\"async\" width=\"499\" height=\"703\" src=\"https:\/\/condeixaparapessoas.pt\/wp-content\/uploads\/2025\/09\/capa-cvv.png\" alt=\"\" class=\"wp-image-161\" style=\"object-fit:cover\" srcset=\"https:\/\/condeixaparapessoas.pt\/wp-content\/uploads\/2025\/09\/capa-cvv.png 499w, https:\/\/condeixaparapessoas.pt\/wp-content\/uploads\/2025\/09\/capa-cvv-213x300.png 213w\" sizes=\"auto, (max-width: 499px) 100vw, 499px\" \/><\/a><\/figure>\n\n\n\n<p>O manifesto <strong>Condeixa Viva e Acess\u00edvel<\/strong> \u00e9 uma adapta\u00e7\u00e3o de cariz local do manifesto <a href=\"https:\/\/cidadesvivas.mubi.pt\" data-type=\"link\" data-id=\"https:\/\/cidadesvivas.mubi.pt\">Cidades Vivas<\/a> da <a href=\"https:\/\/mubi.pt\" data-type=\"link\" data-id=\"https:\/\/mubi.pt\">MUBi<\/a> que estabelece uma vis\u00e3o de cidades mais saud\u00e1veis, seguras, resilientes e sustent\u00e1veis, que p\u00f5em a mobilidade ativa no topo da pir\u00e2mide da mobilidade, e prop\u00f5e os passos priorit\u00e1rios para alcan\u00e7ar esse objetivo.<br><br><a href=\"https:\/\/drive.google.com\/file\/d\/1soimhGLTjsyjJfOcVxKcSLkte2kqPogQ\/view?usp=sharing\" data-type=\"link\" data-id=\"https:\/\/drive.google.com\/file\/d\/1soimhGLTjsyjJfOcVxKcSLkte2kqPogQ\/view?usp=sharing\">Ler documento<\/a>.<\/p>\n<\/div>\n\n\n\n<p><\/p>\n","protected":false},"excerpt":{"rendered":"<p>O manifesto Condeixa Viva e Acess\u00edvel \u00e9 uma adapta\u00e7\u00e3o de cariz local do manifesto Cidades Vivas da MUBi que estabelece uma vis\u00e3o de cidades mais saud\u00e1veis, seguras, resilientes e sustent\u00e1veis, que p\u00f5em a mobilidade ativa no topo da pir\u00e2mide da mobilidade, e prop\u00f5e os passos priorit\u00e1rios para alcan\u00e7ar esse objetivo. Ler documento.<\/p>\n","protected":false},"author":1,"featured_media":0,"parent":0,"menu_order":0,"comment_status":"closed","ping_status":"closed","template":"","meta":{"footnotes":""},"class_list":["post-159","page","type-page","status-publish","hentry"],"_links":{"self":[{"href":"https:\/\/condeixaparapessoas.pt\/index.php\/wp-json\/wp\/v2\/pages\/159","targetHints":{"allow":["GET"]}}],"collection":[{"href":"https:\/\/condeixaparapessoas.pt\/index.php\/wp-json\/wp\/v2\/pages"}],"about":[{"href":"https:\/\/condeixaparapessoas.pt\/index.php\/wp-json\/wp\/v2\/types\/page"}],"author":[{"embeddable":true,"href":"https:\/\/condeixaparapessoas.pt\/index.php\/wp-json\/wp\/v2\/users\/1"}],"replies":[{"embeddable":true,"href":"https:\/\/condeixaparapessoas.pt\/index.php\/wp-json\/wp\/v2\/comments?post=159"}],"version-history":[{"count":6,"href":"https:\/\/condeixaparapessoas.pt\/index.php\/wp-json\/wp\/v2\/pages\/159\/revisions"}],"predecessor-version":[{"id":170,"href":"https:\/\/condeixaparapessoas.pt\/index.php\/wp-json\/wp\/v2\/pages\/159\/revisions\/170"}],"wp:attachment":[{"href":"https:\/\/condeixaparapessoas.pt\/index.php\/wp-json\/wp\/v2\/media?parent=159"}],"curies":[{"name":"wp","href":"https:\/\/api.w.org\/{rel}","templated":true}]}}