{"id":2,"date":"2025-03-02T18:54:58","date_gmt":"2025-03-02T18:54:58","guid":{"rendered":"http:\/\/192.168.1.171:9080\/?page_id=2"},"modified":"2025-05-05T10:34:23","modified_gmt":"2025-05-05T09:34:23","slug":"quem-somos","status":"publish","type":"page","link":"https:\/\/condeixaparapessoas.pt\/index.php\/quem-somos\/","title":{"rendered":"Quem somos"},"content":{"rendered":"\n<p><strong>Somos um grupo de cidad\u00e3os<\/strong> que defende um espa\u00e7o p\u00fablico mais centrado nas pessoas \u2014 um espa\u00e7o p\u00fablico <strong>vivo<\/strong>, <strong>sustent\u00e1vel<\/strong>, <strong>seguro<\/strong>, <strong>acess\u00edvel<\/strong> e <strong>participado<\/strong>.&nbsp;<\/p>\n\n\n\n<p>Por isso, cri\u00e1mos este movimento que queremos que sirva de espa\u00e7o para reflex\u00e3o e a\u00e7\u00e3o em torno da mobilidade sustent\u00e1vel em Condeixa.<\/p>\n\n\n\n<h2 class=\"wp-block-heading\"><strong>Objetivos e A\u00e7\u00f5es<\/strong><\/h2>\n\n\n\n<p>Pretendemos:<\/p>\n\n\n\n<ul class=\"wp-block-list\">\n<li><strong>Organizar comboios de bicicleta ou a p\u00e9<\/strong>, \u00e0 semelhan\u00e7a do <a href=\"https:\/\/cicloexpresso.pt\/\">CicloExpresso<\/a> ou do <a href=\"https:\/\/pepedal.pt\/\">P\u00e9Pedal<\/a>, promovendo a mobilidade ativa nos percursos di\u00e1rios entre casa e escola.<\/li>\n\n\n\n<li><strong>Refletir sobre as barreiras existentes<\/strong> nos trajetos de bicicleta ou a p\u00e9 entre casa, escola, com\u00e9rcio, servi\u00e7os e trabalho, e <strong>propor melhorias<\/strong>.<\/li>\n\n\n\n<li><strong>Partilhar boas pr\u00e1ticas<\/strong> de outras vilas e cidades relacionadas com a mobilidade urbana sustent\u00e1vel e inclusiva, fomentando o debate local.<\/li>\n\n\n\n<li><strong>Participar ativamente na discuss\u00e3o p\u00fablica<\/strong> de projetos municipais ou regionais na \u00e1rea da mobilidade urbana.<br><\/li>\n<\/ul>\n\n\n\n<h2 class=\"wp-block-heading\"><strong>Sobre o Nome<\/strong><\/h2>\n\n\n\n<p>O nome <strong>Condeixa Para Pessoas<\/strong> \u00e9 inspirado no livro <em>Cidades Para Pessoas<\/em>, do arquiteto <strong>Jan Gehl<\/strong>, que defende a cria\u00e7\u00e3o de cidades centradas nas pessoas.<\/p>\n\n\n\n<p>A sua vis\u00e3o promove espa\u00e7os urbanos mais vivos, seguros, sustent\u00e1veis e saud\u00e1veis, atrav\u00e9s de uma abordagem \u00e0 <strong>escala humana<\/strong>, onde o <strong>ritmo do pe\u00e3o<\/strong> \u2014 por oposi\u00e7\u00e3o ao ritmo dos transportes motorizados \u2014 e os <strong>sentidos humanos<\/strong> guiam o planeamento urbano.<\/p>\n\n\n\n<p>Fomos tamb\u00e9m fortemente inspirados pelo projeto jornal\u00edstico <a href=\"https:\/\/lisboaparapessoas.pt\">Lisboa Para Pessoas<\/a>.<\/p>\n","protected":false},"excerpt":{"rendered":"<p>Somos um grupo de cidad\u00e3os que defende um espa\u00e7o p\u00fablico mais centrado nas pessoas \u2014 um espa\u00e7o p\u00fablico vivo, sustent\u00e1vel, seguro, acess\u00edvel e participado.&nbsp; Por isso, cri\u00e1mos este movimento que queremos que sirva de espa\u00e7o para reflex\u00e3o e a\u00e7\u00e3o em torno da mobilidade sustent\u00e1vel em Condeixa. Objetivos e A\u00e7\u00f5es Pretendemos: Sobre o Nome O nome [&hellip;]<\/p>\n","protected":false},"author":1,"featured_media":0,"parent":0,"menu_order":0,"comment_status":"closed","ping_status":"open","template":"","meta":{"footnotes":""},"class_list":["post-2","page","type-page","status-publish","hentry"],"_links":{"self":[{"href":"https:\/\/condeixaparapessoas.pt\/index.php\/wp-json\/wp\/v2\/pages\/2","targetHints":{"allow":["GET"]}}],"collection":[{"href":"https:\/\/condeixaparapessoas.pt\/index.php\/wp-json\/wp\/v2\/pages"}],"about":[{"href":"https:\/\/condeixaparapessoas.pt\/index.php\/wp-json\/wp\/v2\/types\/page"}],"author":[{"embeddable":true,"href":"https:\/\/condeixaparapessoas.pt\/index.php\/wp-json\/wp\/v2\/users\/1"}],"replies":[{"embeddable":true,"href":"https:\/\/condeixaparapessoas.pt\/index.php\/wp-json\/wp\/v2\/comments?post=2"}],"version-history":[{"count":5,"href":"https:\/\/condeixaparapessoas.pt\/index.php\/wp-json\/wp\/v2\/pages\/2\/revisions"}],"predecessor-version":[{"id":96,"href":"https:\/\/condeixaparapessoas.pt\/index.php\/wp-json\/wp\/v2\/pages\/2\/revisions\/96"}],"wp:attachment":[{"href":"https:\/\/condeixaparapessoas.pt\/index.php\/wp-json\/wp\/v2\/media?parent=2"}],"curies":[{"name":"wp","href":"https:\/\/api.w.org\/{rel}","templated":true}]}}